{"id":3439,"date":"2021-01-11T11:03:32","date_gmt":"2021-01-11T11:03:32","guid":{"rendered":"https:\/\/bdlegal.ch\/home_it\/"},"modified":"2025-12-24T09:10:47","modified_gmt":"2025-12-24T09:10:47","slug":"home_it","status":"publish","type":"page","link":"https:\/\/bdlegal.ch\/it\/","title":{"rendered":"Home_IT"},"content":{"rendered":"[vc_row type=&#8221;full_width_content&#8221; full_screen_row_position=&#8221;middle&#8221; column_margin=&#8221;default&#8221; equal_height=&#8221;yes&#8221; content_placement=&#8221;middle&#8221; column_direction=&#8221;default&#8221; column_direction_tablet=&#8221;default&#8221; column_direction_phone=&#8221;default&#8221; bg_color=&#8221;#ede6d7&#8243; scene_position=&#8221;center&#8221; text_color=&#8221;dark&#8221; text_align=&#8221;left&#8221; row_border_radius=&#8221;none&#8221; row_border_radius_applies=&#8221;bg&#8221; overlay_strength=&#8221;0.3&#8243; gradient_direction=&#8221;left_to_right&#8221; shape_divider_position=&#8221;bottom&#8221; bg_image_animation=&#8221;none&#8221; shape_type=&#8221;&#8221;][vc_column column_padding=&#8221;no-extra-padding&#8221; column_padding_tablet=&#8221;inherit&#8221; column_padding_phone=&#8221;inherit&#8221; column_padding_position=&#8221;all&#8221; column_element_spacing=&#8221;default&#8221; background_color_opacity=&#8221;1&#8243; background_hover_color_opacity=&#8221;1&#8243; column_shadow=&#8221;none&#8221; column_border_radius=&#8221;none&#8221; column_link_target=&#8221;_self&#8221; gradient_direction=&#8221;left_to_right&#8221; overlay_strength=&#8221;0.3&#8243; width=&#8221;1\/1&#8243; tablet_width_inherit=&#8221;default&#8221; tablet_text_alignment=&#8221;default&#8221; phone_text_alignment=&#8221;default&#8221; bg_image_animation=&#8221;none&#8221; border_type=&#8221;simple&#8221; column_border_width=&#8221;none&#8221; column_border_style=&#8221;solid&#8221;]\n\t\t\t<!-- START Home_v2_IT REVOLUTION SLIDER 6.7.29 --><p class=\"rs-p-wp-fix\"><\/p>\n\t\t\t<rs-module-wrap id=\"rev_slider_59_1_wrapper\" data-source=\"gallery\" style=\"visibility:hidden;background:transparent;padding:0;margin:0px auto;margin-top:0;margin-bottom:0;\">\n\t\t\t\t<rs-module id=\"rev_slider_59_1\" style=\"\" data-version=\"6.7.29\">\n\t\t\t\t\t<rs-slides style=\"overflow: hidden; position: absolute;\">\n\t\t\t\t\t\t<rs-slide style=\"position: absolute;\" data-key=\"rs-102\" data-title=\"Slide\" data-anim=\"ms:2000ms;r:0;\" data-in=\"o:0;\" data-out=\"a:false;\">\n\t\t\t\t\t\t\t<img decoding=\"async\" src=\"\/\/bdlegal.ch\/wordpress\/wp-content\/plugins\/revslider\/sr6\/assets\/assets\/dummy.png\" alt=\"Slide\" title=\"Home_IT\" class=\"rev-slidebg tp-rs-img rs-lazyload\" data-lazyload=\"\/\/bdlegal.ch\/wordpress\/wp-content\/plugins\/revslider\/sr6\/assets\/assets\/transparent.png\" data-bg=\"c:#ede6d7;\" data-no-retina>\n<!--\n\t\t\t\t\t\t\t--><rs-layer\n\t\t\t\t\t\t\t\tid=\"slider-59-slide-102-layer-1\" \n\t\t\t\t\t\t\t\tdata-type=\"text\"\n\t\t\t\t\t\t\t\tdata-rsp_ch=\"on\"\n\t\t\t\t\t\t\t\tdata-xy=\"xo:120px,48px,39px,20px;yo:150px,61px,70px,25px;\"\n\t\t\t\t\t\t\t\tdata-text=\"w:normal;s:200,81,90,75;l:200,81,90,75;\"\n\t\t\t\t\t\t\t\tdata-frame_0=\"x:0,0,0,0px;y:0,0,0,0px;\"\n\t\t\t\t\t\t\t\tdata-frame_1=\"x:0,0,0,0px;y:0,0,0,0px;sp:2000;sR:10;\"\n\t\t\t\t\t\t\t\tdata-frame_999=\"o:0;st:w;sp:2000;sR:2000;\"\n\t\t\t\t\t\t\t\tstyle=\"z-index:8;font-family:'Playfair Display';\"\n\t\t\t\t\t\t\t>Dovere \n\t\t\t\t\t\t\t<\/rs-layer><!--\n\n\t\t\t\t\t\t\t--><rs-layer\n\t\t\t\t\t\t\t\tid=\"slider-59-slide-102-layer-2\" \n\t\t\t\t\t\t\t\tdata-type=\"text\"\n\t\t\t\t\t\t\t\tdata-color=\"#e82837\"\n\t\t\t\t\t\t\t\tdata-rsp_ch=\"on\"\n\t\t\t\t\t\t\t\tdata-xy=\"xo:756px,305px,325px,258px;yo:150px,61px,70px,25px;\"\n\t\t\t\t\t\t\t\tdata-text=\"w:normal;s:200,81,90,75;l:200,81,90,75;\"\n\t\t\t\t\t\t\t\tdata-dim=\"w:auto,auto,auto,24px;\"\n\t\t\t\t\t\t\t\tdata-frame_0=\"x:0,0,0,0px;y:0,0,0,0px;\"\n\t\t\t\t\t\t\t\tdata-frame_1=\"x:0,0,0,0px;y:0,0,0,0px;sp:2000;\"\n\t\t\t\t\t\t\t\tdata-frame_999=\"o:0;st:w;sp:2000;sR:2010;\"\n\t\t\t\t\t\t\t\tstyle=\"z-index:10;font-family:'Playfair Display';\"\n\t\t\t\t\t\t\t>. \n\t\t\t\t\t\t\t<\/rs-layer><!--\n\n\t\t\t\t\t\t\t--><rs-layer\n\t\t\t\t\t\t\t\tid=\"slider-59-slide-102-layer-3\" \n\t\t\t\t\t\t\t\tdata-type=\"text\"\n\t\t\t\t\t\t\t\tdata-color=\"#000000\"\n\t\t\t\t\t\t\t\tdata-rsp_ch=\"on\"\n\t\t\t\t\t\t\t\tdata-xy=\"xo:143px,58px,46px,28px;yo:400px,163px,188px,119px;\"\n\t\t\t\t\t\t\t\tdata-text=\"w:normal;s:50,20,25,23;l:60,24,30,30;fw:300;\"\n\t\t\t\t\t\t\t\tdata-dim=\"w:605px,247px,480px,420px;h:136px,55px,102px,70px;\"\n\t\t\t\t\t\t\t\tdata-frame_0=\"x:0,0,0px,0px;y:0,0,0px,0px;\"\n\t\t\t\t\t\t\t\tdata-frame_1=\"x:0,0,0px,0px;y:0,0,0px,0px;sp:2000;\"\n\t\t\t\t\t\t\t\tdata-frame_999=\"o:0;st:w;sp:2000;sR:2900;\"\n\t\t\t\t\t\t\t\tstyle=\"z-index:11;font-family:'Open Sans';\"\n\t\t\t\t\t\t\t>Rappresentare i suoi diritti <br \/>\n\u00e8 la nostra responsabilit\u00e0. \n\t\t\t\t\t\t\t<\/rs-layer><!--\n\n\t\t\t\t\t\t\t--><rs-layer\n\t\t\t\t\t\t\t\tid=\"slider-59-slide-102-layer-4\" \n\t\t\t\t\t\t\t\tdata-type=\"image\"\n\t\t\t\t\t\t\t\tdata-rsp_ch=\"on\"\n\t\t\t\t\t\t\t\tdata-xy=\"x:r;y:b;\"\n\t\t\t\t\t\t\t\tdata-text=\"w:normal;s:20,8,6,7;l:0,10,7,6;\"\n\t\t\t\t\t\t\t\tdata-dim=\"w:1064px,435px,441px,304px;h:750px,307px,300px,214px;\"\n\t\t\t\t\t\t\t\tdata-frame_1=\"sp:2000;\"\n\t\t\t\t\t\t\t\tdata-frame_999=\"o:0;st:w;sp:2000;sR:2000;\"\n\t\t\t\t\t\t\t\tstyle=\"z-index:9;\"\n\t\t\t\t\t\t\t><img decoding=\"async\" src=\"\/\/bdlegal.ch\/wordpress\/wp-content\/plugins\/revslider\/sr6\/assets\/assets\/dummy.png\" alt=\"\" class=\"tp-rs-img rs-lazyload\" width=\"1206\" height=\"850\" data-lazyload=\"\/\/bdlegal.ch\/wordpress\/wp-content\/uploads\/2020\/12\/bdlegal_Home_Karabiner_850_korr.png\" data-no-retina> \n\t\t\t\t\t\t\t<\/rs-layer><!--\n-->\t\t\t\t\t<\/rs-slide>\n\t\t\t\t\t<\/rs-slides>\n\t\t\t\t<\/rs-module>\n\t\t\t\t<script>\n\t\t\t\t\tsetREVStartSize({c: 'rev_slider_59_1',rl:[1240,1024,778,480],el:[750,348,500,360],gw:[2500,1024,800,480],gh:[750,348,500,360],type:'standard',justify:'',layout:'fullwidth',mh:\"0\"});if (window.RS_MODULES!==undefined && window.RS_MODULES.modules!==undefined && window.RS_MODULES.modules[\"revslider591\"]!==undefined) {window.RS_MODULES.modules[\"revslider591\"].once = false;window.revapi59 = undefined;if (window.RS_MODULES.checkMinimal!==undefined) window.RS_MODULES.checkMinimal()}\n\t\t\t\t<\/script>\n\t\t\t<\/rs-module-wrap>\n\t\t\t<!-- END REVOLUTION SLIDER -->\n[\/vc_column][\/vc_row][vc_row type=&#8221;full_width_content&#8221; full_screen_row_position=&#8221;middle&#8221; column_margin=&#8221;default&#8221; equal_height=&#8221;yes&#8221; column_direction=&#8221;default&#8221; column_direction_tablet=&#8221;default&#8221; column_direction_phone=&#8221;default&#8221; scene_position=&#8221;center&#8221; text_color=&#8221;dark&#8221; text_align=&#8221;left&#8221; row_border_radius=&#8221;none&#8221; row_border_radius_applies=&#8221;bg&#8221; overlay_strength=&#8221;0.3&#8243; gradient_direction=&#8221;left_to_right&#8221; shape_divider_position=&#8221;bottom&#8221; bg_image_animation=&#8221;none&#8221; shape_type=&#8221;&#8221;][vc_column column_padding=&#8221;padding-5-percent&#8221; column_padding_tablet=&#8221;inherit&#8221; column_padding_phone=&#8221;inherit&#8221; column_padding_position=&#8221;all&#8221; column_element_spacing=&#8221;default&#8221; background_color=&#8221;#ececed&#8221; background_color_opacity=&#8221;1&#8243; background_hover_color_opacity=&#8221;1&#8243; font_color=&#8221;#000000&#8243; column_shadow=&#8221;none&#8221; column_border_radius=&#8221;none&#8221; column_link_target=&#8221;_self&#8221; gradient_direction=&#8221;left_to_right&#8221; overlay_strength=&#8221;0.3&#8243; width=&#8221;2\/3&#8243; tablet_width_inherit=&#8221;default&#8221; tablet_text_alignment=&#8221;default&#8221; phone_text_alignment=&#8221;default&#8221; bg_image_animation=&#8221;none&#8221; border_type=&#8221;simple&#8221; column_border_width=&#8221;none&#8221; column_border_style=&#8221;solid&#8221;][vc_column_text css=&#8221;.vc_custom_1718108402771{padding-bottom: 50px !important;}&#8221;]\n<h5><span style=\"color: #b0242c;\">Battegay D\u00fcrr \u2013<br \/>\navvocati, notai e mediatori<\/span><\/h5>\n[\/vc_column_text][vc_column_text]Battegay D\u00fcrr \u00e8 sinonimo di personalit\u00e0, passione e affidabilit\u00e0. Conduciamo processi, consigliamo e troviamo soluzioni innovative, efficienti e convenienti per i casi e le sfide complesse che i nostri clienti si trovano ad affrontare. Forniamo un&#8217;assistenza completa a imprese e privati, avvalendoci dell&#8217;esperienza del nostro network per fornire una consulenza legale competente e orientata alle soluzioni, con l\u2019obiettivo di portare i loro progetti a una conclusione efficace e di successo.<\/p>\n<p>Lo studio \u00e8 attivo nei campi del diritto e nei settori in cui vanta una grande esperienza e una competenza d\u2019eccellenza:<\/p>\n<ul>\n<li><a href=\"https:\/\/bdlegal.ch\/it\/fachgebiet-prozessfuehrung_it\/\"><u>Contenzioso e esecuzione<\/u><\/a><\/li>\n<li><a href=\"https:\/\/bdlegal.ch\/it\/fachgebiet-notariat_it\/\">Notariato<\/a><\/li>\n<li><a href=\"https:\/\/bdlegal.ch\/it\/fachgebiet-mediation_it\/\">Mediazione<\/a><\/li>\n<li><a href=\"https:\/\/bdlegal.ch\/it\/fachgebiet-baurecht_it\/\">Diritto della costruzione e immobiliare<\/a><\/li>\n<li><a href=\"https:\/\/bdlegal.ch\/it\/fachgebiet-gesellschaftsrecht_it\/\">Diritto societario<\/a><\/li>\n<li><a href=\"https:\/\/bdlegal.ch\/it\/fachgebiet-erbrecht_it\/\">Diritto ereditario, pianificazione successoria<\/a><\/li>\n<li><a href=\"https:\/\/bdlegal.ch\/it\/fachgebiet-arbeitsrecht_it\/\">Diritto del lavoro<\/a><\/li>\n<li><a href=\"https:\/\/bdlegal.ch\/it\/fachgebiet-mietrecht_it\/\">Diritto della locazione<\/a><\/li>\n<li><a href=\"https:\/\/bdlegal.ch\/it\/fachgebiet-bankenrecht_it\/\">Diritto bancario<\/a><\/li>\n<li><a href=\"https:\/\/bdlegal.ch\/it\/fachgebiet-life-sciences\/\">Life Sciences<\/a><\/li>\n<li><a href=\"https:\/\/bdlegal.ch\/it\/fachgebiet-datenschutzrecht\/\">Diritto della protezione dei dati<\/a><\/li>\n<li><a href=\"https:\/\/bdlegal.ch\/it\/fachgebiet-handels-und-vertragsrecht\/\">Diritto commerciale e contrattuale<\/a><\/li>\n<li><a href=\"https:\/\/bdlegal.ch\/it\/fachgebiet-sportrecht\/\">Diritto dello sport<\/a><\/li>\n<\/ul>\n<p><strong>Conosciamoci personalmente<\/strong><\/p>\n<p>Parliamo tedesco, francese, italiano, inglese e spagnolo.[\/vc_column_text][\/vc_column][vc_column column_padding=&#8221;padding-5-percent&#8221; column_padding_tablet=&#8221;inherit&#8221; column_padding_phone=&#8221;inherit&#8221; column_padding_position=&#8221;all&#8221; column_element_spacing=&#8221;default&#8221; background_color=&#8221;#000000&#8243; background_color_opacity=&#8221;1&#8243; background_hover_color_opacity=&#8221;1&#8243; column_shadow=&#8221;none&#8221; column_border_radius=&#8221;none&#8221; column_link_target=&#8221;_self&#8221; gradient_direction=&#8221;left_to_right&#8221; overlay_strength=&#8221;0.3&#8243; width=&#8221;1\/3&#8243; tablet_width_inherit=&#8221;default&#8221; tablet_text_alignment=&#8221;default&#8221; phone_text_alignment=&#8221;default&#8221; bg_image_animation=&#8221;none&#8221; border_type=&#8221;simple&#8221; column_border_width=&#8221;none&#8221; column_border_style=&#8221;solid&#8221;][vc_column_text]\n<h1><span style=\"color: #e82837;\">Siamo a vostra<br \/>\ndisposizione:<br \/>\n<a style=\"color: #e82837;\" href=\"mailto:info@bdlegal.ch\">info@bdlegal.ch<\/a><br \/>\n+41 \u00ad61 225 03 03<\/span><\/h1>\n[\/vc_column_text][\/vc_column][\/vc_row]\n","protected":false},"excerpt":{"rendered":"<p>[vc_row type=&#8221;full_width_content&#8221; full_screen_row_position=&#8221;middle&#8221; column_margin=&#8221;default&#8221; equal_height=&#8221;yes&#8221; content_placement=&#8221;middle&#8221; column_direction=&#8221;default&#8221; column_direction_tablet=&#8221;default&#8221; column_direction_phone=&#8221;default&#8221; bg_color=&#8221;#ede6d7&#8243; scene_position=&#8221;center&#8221; text_color=&#8221;dark&#8221; text_align=&#8221;left&#8221; row_border_radius=&#8221;none&#8221; row_border_radius_applies=&#8221;bg&#8221; overlay_strength=&#8221;0.3&#8243; gradient_direction=&#8221;left_to_right&#8221; shape_divider_position=&#8221;bottom&#8221; bg_image_animation=&#8221;none&#8221; shape_type=&#8221;&#8221;][vc_column column_padding=&#8221;no-extra-padding&#8221; column_padding_tablet=&#8221;inherit&#8221; column_padding_phone=&#8221;inherit&#8221; column_padding_position=&#8221;all&#8221; column_element_spacing=&#8221;default&#8221; background_color_opacity=&#8221;1&#8243; background_hover_color_opacity=&#8221;1&#8243; column_shadow=&#8221;none&#8221; column_border_radius=&#8221;none&#8221; column_link_target=&#8221;_self&#8221;&#8230;<\/p>\n","protected":false},"author":1,"featured_media":0,"parent":0,"menu_order":0,"comment_status":"closed","ping_status":"closed","template":"","meta":{"footnotes":""},"class_list":["post-3439","page","type-page","status-publish"],"_links":{"self":[{"href":"https:\/\/bdlegal.ch\/it\/wp-json\/wp\/v2\/pages\/3439","targetHints":{"allow":["GET"]}}],"collection":[{"href":"https:\/\/bdlegal.ch\/it\/wp-json\/wp\/v2\/pages"}],"about":[{"href":"https:\/\/bdlegal.ch\/it\/wp-json\/wp\/v2\/types\/page"}],"author":[{"embeddable":true,"href":"https:\/\/bdlegal.ch\/it\/wp-json\/wp\/v2\/users\/1"}],"replies":[{"embeddable":true,"href":"https:\/\/bdlegal.ch\/it\/wp-json\/wp\/v2\/comments?post=3439"}],"version-history":[{"count":25,"href":"https:\/\/bdlegal.ch\/it\/wp-json\/wp\/v2\/pages\/3439\/revisions"}],"predecessor-version":[{"id":6365,"href":"https:\/\/bdlegal.ch\/it\/wp-json\/wp\/v2\/pages\/3439\/revisions\/6365"}],"wp:attachment":[{"href":"https:\/\/bdlegal.ch\/it\/wp-json\/wp\/v2\/media?parent=3439"}],"curies":[{"name":"wp","href":"https:\/\/api.w.org\/{rel}","templated":true}]}}